{"id":57,"date":"2022-03-07T08:52:31","date_gmt":"2022-03-07T07:52:31","guid":{"rendered":"http:\/\/devlp.prodesign.fr\/?page_id=57"},"modified":"2022-05-14T14:34:27","modified_gmt":"2022-05-14T12:34:27","slug":"atelier","status":"publish","type":"page","link":"https:\/\/www.prodesign.fr\/index.php\/atelier\/","title":{"rendered":"Atelier"},"content":{"rendered":"<div  data-label=\"Content\" data-id=\"content--1\" data-export-id=\"content-11\" data-category=\"content\" class=\"content-11 content-section content-section-spacing\" id=\"content-1\" style=\"background-color: rgb(255, 255, 255); background-image: none;\"><div  class=\"gridContainer\"> <div  class=\"row text-center\"><div  class=\"section-title-col\" data-type=\"column\"> <h2  class=\"\">Un atelier de production au service de l\u2019excellence du savoir-faire fran\u00e7ais.<\/h2> <p  class=\"lead\">Au c\u0153ur de l\u2019\u00cele-de-France, notre atelier est au centre de notre entreprise. Sous la direction d\u2019un Chef d\u2019Atelier exp\u00e9riment\u00e9, des compagnons et des apprentis travaillent quotidiennement en respectant les r\u00e8gles de l\u2019art.\n<br >Vous souhaitez devenir apprenti ?&nbsp;<a data-mce-href=\"..\/engagements\/\" href=\"https:\/\/www.prodesign.fr\/index.php\/engagements\" target=\"_blank\" rel=\"noopener\" data-mce-selected=\"inline-boundary\" data-cp-link=\"1\">D\u00e9couvrez nos engagements &gt;&gt;&gt;<\/a><\/p><\/div> <\/div> <div  class=\"row center-xs middle-xs\"> <div  class=\"col-sm-9\"> <div  class=\"lightbox-video lightbox-video-tall dark-overlay shadow-large flexbox middle-xs center-xs\" data-type=\"group\" data-bg=\"image\" style=\"background-image: url(&quot;http:\/\/www.prodesign.fr\/wp-content\/uploads\/2022\/04\/cropped-RAW_25-fevrier-2022-1004-scaled-1.jpg&quot;);\"> <a  data-fancybox=\"\" data-video-lightbox=\"true\" href=\"https:\/\/youtu.be\/WU1JD_281fY\" class=\"\"> <i  data-cp-fa=\"true\" class=\"fa video-icon fa-play-circle-o color7\"><\/i><\/a> <\/div><\/div> <\/div><\/div> <\/div><div  data-label=\"Overlappable\" data-id=\"overlappable--2\" data-export-id=\"overlappable-4\" data-category=\"overlappable\" class=\"overlappable-4 content-section content-section-spacing\" data-overlap=\"true\" id=\"overlappable-2\" style=\"background-color: rgb(255, 255, 255);\"><div  class=\"gridContainer\"> <div  data-type=\"row\" class=\"row spaced-cols text-center\"><div  class=\"col-xs-12 col-sm-4 col-padding\"> <i  class=\"fa icon shadow-large-black aligncenter fa-check-square-o reverse round small color1\"><\/i> <div  data-type=\"column\" class=\"\">  <p  class=\"\">Notre soci\u00e9t\u00e9 est sp\u00e9cialis\u00e9e dans la fabrication de mobiliers, agencements sur-mesure. Un atelier de 1000m\u00b2, dont la qualit\u00e9 et la quantit\u00e9 des machines-outils permettent de produire \u00e0 l\u2019unit\u00e9 ou en s\u00e9rie, sur des d\u00e9lais tr\u00e8s courts.&nbsp;Des zones de stockages de nos produits sont am\u00e9nag\u00e9es avec les plus grands soins afin de garantir un parfait maintien des ensembles avant la pose de ceux-ci.<\/p><\/div> <\/div> <div  class=\"col-xs-12 col-sm-4 col-padding\"> <i  class=\"fa icon shadow-large-black aligncenter fa-check-square-o reverse round small color1\"><\/i> <div  data-type=\"column\" class=\"\"> <p  class=\"\">Tous nos locaux de stockage sont hors eau et gel. Une aspiration centralis\u00e9e sur silo, collecte toutes les poussi\u00e8res et sciures directement dans des r\u00e9cup\u00e9rateurs externes, permettant de garantir une qualit\u00e9 de propret\u00e9 exceptionnelle des locaux. Nous investissons annuellement afin de respecter les \u00e9volutions et nouvelles technologies de fabrication et la conformit\u00e9 des \u00e9quipements.<\/p><\/div> <\/div> <div  class=\"col-xs-12 col-sm-4 col-padding\"> <i  class=\"fa icon shadow-large-black aligncenter fa-check-square-o reverse round small color1\"><\/i> <div  data-type=\"column\" class=\"\"> <p  class=\"\">Plaqueuse de chants \u00e0 commande num\u00e9rique Biesse, scie \u00e0 panneaux verticale STRIEBIG, scie circulaire \u00e0 format \u00e0 tron\u00e7onneuse ALTENDORF, scie circulaire \u00e0 format \u00e0 d\u00e9lignage SCM, raboteuse MARTIN num\u00e9rique \u00e0 arbre h\u00e9lico\u00efdale, calibreuse VIET 930 m, d\u00e9fonceuse \u00e0 commande num\u00e9rique, plaqueuse de chant SCM, toupie SCM, scie \u00e0 ruban Chambon-Guillet et d\u00e9gauchisseuse Chambon-Guillet<\/p><\/div> <\/div><\/div> <\/div><\/div><div  data-label=\"Overlappable\" data-id=\"overlappable--3\" data-export-id=\"overlappable-3\" data-category=\"overlappable\" class=\"overlappable-3 content-section content-section-spacing\" data-overlap=\"true\" id=\"overlappable-3\" style=\"background-color: rgb(255, 255, 255);\"><div  class=\"gridContainer\"> <div  class=\"row bg-color-white shadow-medium\"><div  class=\"col-xs-12 col-sm-6 image-col first-image-col\" data-bg=\"image\" style=\"background-image: url(&quot;http:\/\/www.prodesign.fr\/wp-content\/uploads\/2022\/04\/cropped-grands_comptes_mobiliers_tour_a-9-scaled-1.jpg&quot;);\"><\/div> <div  class=\"col-xs-12 col-sm-6 content-col col-padding col-padding-xs\"> <div  class=\"col-padding\" data-type=\"column\">  <p  class=\"\">Nous vous proposons un large choix de fabrication et pose d\u2019ouvrages sur mesures : banque d\u2019accueil, ch\u00e2ssis Coupe-Feu, escalier, parquet, porte int\u00e9rieure et\/ou ext\u00e9rieure, porte monumentale, porte coch\u00e8re, habillage mural ou plafond d\u00e9coratif acoustique, menuiseries ext\u00e9rieures, mur mobile acoustique et tenue au feu, mobiliers, vernis, etc.<\/p> <a class=\"button color1\" href=\"https:\/\/www.prodesign.fr\/index.php\/nos-realisations\" target=\"_blank\" data-cp-link=\"1\" data-icon=\"fa-angle-double-right\" rel=\"noopener\"><span  class=\"button-icon fa fa-angle-double-right\"><\/span>D\u00e9couvrir nos r\u00e9alisations<\/a><\/div> <\/div><\/div> <div  class=\"row bg-color-white shadow-medium\"><div  class=\"col-xs-12 col-sm-6 content-col col-padding col-padding-xs\"> <div  class=\"col-padding\" data-type=\"column\"> <p  class=\"\">Avec l\u2019aide de nos nombreux partenaires, nous vous proposons des ouvrages clefs en main en int\u00e9grant d\u2019autres mat\u00e9riaux tels que : marbre, r\u00e9sine de synth\u00e8se, ouvrages inox, acier, bronze, verrerie de tous types, matelassage, coussin, garnissage, cuirs et tissus de tous types, serrurerie et serrurerie d\u2019art, membrane acoustique et\/ou feu avec certification, etc.\n<br ><br >\nL\u2019entreprise a d\u00e9velopp\u00e9 des aptitudes particuli\u00e8res reconnues par une client\u00e8le qui lui est fid\u00e8le : esprit de service et r\u00e9activit\u00e9 aux demandes des clients, organisation tourn\u00e9e vers la qualit\u00e9 et la satisfaction des clients, personnel form\u00e9 au travail en site occup\u00e9 et outil de fabrication de grande capacit\u00e9, performant et souple.<\/p> <a class=\"button color1\" href=\"https:\/\/www.prodesign.fr\/index.php\/nos-clients\" target=\"_blank\" data-cp-link=\"1\" data-icon=\"fa-angle-double-right\" rel=\"noopener\"><span  class=\"button-icon fa fa-angle-double-right\"><\/span>D\u00e9couvrir nos clients<\/a><\/div> <\/div> <div  class=\"col-xs-12 col-sm-6 image-col second-image-col first-xs last-sm\" data-bg=\"image\" style=\"background-image: url(&quot;http:\/\/www.prodesign.fr\/wp-content\/uploads\/2022\/03\/cropped-escaliers_ecole_du_louvre-5-scaled-2.jpg&quot;);\"><\/div> <\/div><\/div> <\/div><div  data-label=\"Cta\" data-id=\"cta--2\" data-export-id=\"cta-blue-section\" data-category=\"cta\" class=\"cta-blue-section content-section content-section-spacing-medium bg-color1 white-text\" id=\"cta-2\"><div  class=\"gridContainer\"> <div  class=\"row middle-xs\"><div  class=\"col-sm-8 space-bottom-xs\" data-type=\"column\"> <h2  class=\"\">Rejoignez nos \u00e9quipes !<\/h2> <\/div> <div  class=\"col-sm-4 end-sm\" data-type=\"column\"> <a class=\"button color4\" href=\"https:\/\/www.prodesign.fr\/index.php\/patrimoine-humain\/recrutement\" target=\"_blank\" data-cp-link=\"1\" data-icon=\"fa-angle-double-right\" rel=\"noopener\"><span  class=\"button-icon fa fa-angle-double-right\"><\/span>Postulez aujourd\u2019hui !<\/a><\/div> <\/div><\/div> <\/div><div  data-label=\"Portfolio\" data-id=\"portfolio--1\" data-export-id=\"portfolio-1\" data-category=\"portfolio\" class=\"portfolio-1 content-section content-section-spacing\" id=\"portfolio-1\" style=\"background-color: rgb(255, 255, 255); background-image: none;\"><div  class=\"gridContainer\"> <div  class=\"row text-center\"><div  class=\"section-title-col\" data-type=\"column\">  <p  class=\"lead\">PRODESIGN EST FRAN\u00c7AISE, BAS\u00c9E EN ILE-DE-FRANCE,<br >\nFORTE DE SES COLLABORATEURS ET DE SON ATELIER DE PRODUCTION<\/p><h2  class=\"\">Nos savoir-faire en <a data-mce-href=\"..\/savoir-faire\/menuiserie\/\" href=\"https:\/\/www.prodesign.fr\/index.php\/savoir-faire\/menuiserie\" target=\"_blank\" rel=\"noopener\" data-mce-selected=\"inline-boundary\" data-cp-link=\"1\">menuiserie<\/a><\/h2><\/div> <\/div> <div  data-type=\"row\" class=\"row spaced-cols\" data-fixed=\"true\"> <div  class=\"col-xs-12 col-sm-4\"> <div  class=\"contentswap-effect visible\" data-hover-fx=\"portfolio-1\"> <div  class=\"initial-image\"> <img decoding=\"async\"  data-size=\"500x333\" src=\"http:\/\/www.prodesign.fr\/wp-content\/uploads\/2022\/03\/cropped-cropped-menuiseries_interieures_bois_auditorium_rambouillet-17-scaled-1.jpg\"><\/div> <div  class=\"overlay\"><\/div> <div  class=\"swap-inner col-xs-12\"> <div  class=\"row full-height-row bottom-xs\"> <div  class=\"col-xs-12 color1 text-center content-holder\"> <h4  class=\"inverted font-500\">AGENCEMENT<\/h4> <a href=\"https:\/\/www.prodesign.fr\/index.php\/savoir-faire\/agencement\" class=\"inverted italic p small\" target=\"_blank\" data-cp-link=\"1\" rel=\"noopener\">D\u00e9couvrir notre savoir-faire<\/a><\/div> <\/div><\/div> <\/div><\/div> <div  class=\"col-xs-12 col-sm-4\"><div  class=\"contentswap-effect visible\" data-hover-fx=\"portfolio-1\"> <div  class=\"initial-image\"> <img decoding=\"async\"  data-size=\"500x333\" src=\"http:\/\/www.prodesign.fr\/wp-content\/uploads\/2022\/03\/cropped-cropped-cropped-MUSEUM-025-scaled-1-1.jpg\"><\/div> <div  class=\"overlay\"><\/div> <div  class=\"swap-inner col-xs-12\"> <div  class=\"row full-height-row bottom-xs\"> <div  class=\"col-xs-12 color1 text-center content-holder\"> <h4  class=\"inverted font-500\">PARQUET<\/h4> <a href=\"https:\/\/www.prodesign.fr\/index.php\/savoir-faire\/parquet\" class=\"inverted italic p small\" target=\"_blank\" data-cp-link=\"1\" rel=\"noopener\">D\u00e9couvrir notre savoir-faire<\/a><\/div> <\/div><\/div> <\/div><\/div> <div  class=\"col-xs-12 col-sm-4\"><div  class=\"contentswap-effect visible\" data-hover-fx=\"portfolio-1\"> <div  class=\"initial-image\"> <img decoding=\"async\"  data-size=\"500x333\" src=\"http:\/\/www.prodesign.fr\/wp-content\/uploads\/2022\/03\/cropped-cropped-cropped-escaliers_ecole_du_louvre-2-scaled-1.jpg\"><\/div> <div  class=\"overlay\"><\/div> <div  class=\"swap-inner col-xs-12\"> <div  class=\"row full-height-row bottom-xs\"> <div  class=\"col-xs-12 color1 text-center content-holder\"> <h4  class=\"inverted font-500\">SUR-MESURE<\/h4> <a href=\"https:\/\/www.prodesign.fr\/index.php\/savoir-faire\/sur-mesure\" class=\"inverted italic p small\" target=\"_blank\" data-cp-link=\"1\" rel=\"noopener\">D\u00e9couvrir notre savoir-faire<\/a><\/div> <\/div><\/div> <\/div><\/div>    <\/div><\/div> <\/div><div  data-label=\"Cta\" data-id=\"cta--1\" data-export-id=\"cta-blue-section\" data-category=\"cta\" class=\"cta-blue-section content-section content-section-spacing-medium bg-color1 white-text\" id=\"cta-1\"><div  class=\"gridContainer\"> <div  class=\"row middle-xs\"><div  class=\"col-sm-8 space-bottom-xs\" data-type=\"column\"> <h2  class=\"\">LA R\u00c9F\u00c9RENCE QUALIT\u00c9<\/h2> <\/div> <div  class=\"col-sm-4 end-sm\" data-type=\"column\"> <a class=\"button color4\" href=\"https:\/\/www.prodesign.fr\/index.php\/expertises\" target=\"_blank\" data-cp-link=\"1\" data-icon=\"fa-angle-double-right\" rel=\"noopener\"><span  class=\"button-icon fa fa-angle-double-right\"><\/span>D\u00e9couvrez nos expertises<\/a><\/div> <\/div><\/div> <\/div><div  data-label=\"Overlappable\" data-id=\"overlappable--1\" data-export-id=\"overlappable-5\" data-category=\"overlappable\" class=\"overlappable-5 content-section content-section-spacing\" data-overlap=\"true\" id=\"overlappable-1\" style=\"background-color: rgb(255, 255, 255);\"><div  class=\"gridContainer\"> <div  data-type=\"row\" class=\"row shadow-medium bg-color-white\"><div  class=\"col-xs-12 col-sm-4 col-padding col-padding-xs bg-color-white\"> <div  class=\"row middle-sm\"><div  class=\"col-xs-12 col-sm-fit icon-column\"> <a data-cp-link=\"1\" href=\"#\" target=\"_blank\" rel=\"noopener\"><i  class=\"fa icon fa-angellist bordered round small color4\"><\/i><\/a><\/div> <div  data-type=\"column\" class=\"col-xs-12 col-sm v-spacing\"><h5  class=\"\">PRODESIGN<\/h5><\/div> <\/div> <div  class=\"row\"> <div  class=\"col-xs-12 col-sm-12\" data-type=\"column\"> <p  class=\"\">L\u2019exp\u00e9rience et la ma\u00eetrise technique qui r\u00e9pondent \u00e0 tous vos projets.<\/p> <a href=\"https:\/\/www.linkedin.com\/company\/prodesign-la-r%C3%A9f%C3%A9rence-qualit%C3%A9\" class=\"read-more color2\" target=\"_blank\" data-cp-link=\"1\" rel=\"noopener\">Suivez-nous sur LinkedIn<\/a><\/div> <\/div><\/div> <div  class=\"col-xs-12 col-sm-4 col-padding col-padding-xs bg-color-white\"><div  class=\"row middle-sm\"> <div  class=\"col-xs-12 col-sm-fit icon-column\"><a data-cp-link=\"1\" href=\"https:\/\/www.instagram.com\/prodesign_menuiserie\" target=\"_blank\" rel=\"noopener\"><i  class=\"fa icon fa-angellist bordered round small color4\"><\/i><\/a><\/div> <div  data-type=\"column\" class=\"col-xs-12 col-sm v-spacing\"><h5  class=\"\">LE TRAVAIL DU BOIS<\/h5><\/div> <\/div> <div  class=\"row\"> <div  class=\"col-xs-12 col-sm-12\" data-type=\"column\"> <p  class=\"\">Le travail du bois est d\u2019actualit\u00e9 et sur les r\u00e9seaux sociaux.<\/p> <a href=\"https:\/\/www.instagram.com\/prodesign_menuiserie\" class=\"read-more color2\" target=\"_blank\" data-cp-link=\"1\" rel=\"noopener\">Suivez-nous sur Instagram<\/a><\/div> <\/div><\/div> <div  class=\"col-xs-12 col-sm-4 col-padding col-padding-xs bg-color-white\"><div  class=\"row middle-sm\"> <div  class=\"col-xs-12 col-sm-fit icon-column\"><a data-cp-link=\"1\" href=\"https:\/\/fr.indeed.com\/cmp\/Prodesign--seicol\" target=\"_blank\" rel=\"noopener\" class=\"\"><i  class=\"fa icon fa-angellist bordered round small color4\"><\/i><\/a><\/div> <div  data-type=\"column\" class=\"col-xs-12 col-sm v-spacing\"><h5  class=\"\">REJOIGNEZ-NOUS<\/h5><\/div> <\/div> <div  class=\"row\"> <div  class=\"col-xs-12 col-sm-12\" data-type=\"column\"> <p  class=\"\">PRODESIGN recrute de nouveaux talents r\u00e9guli\u00e8rement, rejoignez-nous.<\/p> <a href=\"https:\/\/fr.indeed.com\/cmp\/Prodesign--seicol\" class=\"read-more color2\" target=\"_blank\" data-cp-link=\"1\" rel=\"noopener\">Postulez via Indeed<\/a><\/div> <\/div><\/div> <\/div><\/div> <\/div>","protected":false},"excerpt":{"rendered":"<p>Un atelier de production au service de l\u2019excellence du savoir-faire fran\u00e7ais. Au c\u0153ur de l\u2019\u00cele-de-France, notre atelier est au centre de notre entreprise. Sous la direction d\u2019un Chef d\u2019Atelier exp\u00e9riment\u00e9, des compagnons et des apprentis travaillent quotidiennement en respectant les r\u00e8gles de l\u2019art. Vous souhaitez devenir apprenti ?&nbsp;D\u00e9couvrez nos engagements &gt;&gt;&gt; Notre soci\u00e9t\u00e9 est sp\u00e9cialis\u00e9e&hellip; <br \/> <a class=\"read-more\" href=\"https:\/\/www.prodesign.fr\/index.php\/atelier\/\">Lire la suite<\/a><\/p>\n","protected":false},"author":1,"featured_media":1876,"parent":0,"menu_order":0,"comment_status":"closed","ping_status":"closed","template":"pro\/page-templates\/full-width-page.php","meta":{"footnotes":""},"yoast_head":"<!-- This site is optimized with the Yoast SEO plugin v20.4 - https:\/\/yoast.com\/wordpress\/plugins\/seo\/ -->\n<title>Atelier - PRODESIGN<\/title>\n<meta name=\"description\" content=\"Au c\u0153ur de l\u2019\u00cele-de-France, notre atelier production au service de l\u2019excellence du savoir-faire fran\u00e7ais. Vous souhaitez devenir apprenti ?\" \/>\n<meta name=\"robots\" content=\"index, follow, max-snippet:-1, max-image-preview:large, max-video-preview:-1\" \/>\n<link rel=\"canonical\" href=\"https:\/\/www.prodesign.fr\/index.php\/atelier\/\" \/>\n<meta property=\"og:locale\" content=\"fr_FR\" \/>\n<meta property=\"og:type\" content=\"article\" \/>\n<meta property=\"og:title\" content=\"Un atelier de production au service de l\u2019excellence du savoir-faire fran\u00e7ais.\" \/>\n<meta property=\"og:description\" content=\"Au c\u0153ur de l\u2019\u00cele-de-France, notre atelier est au centre de notre entreprise. Sous la direction d\u2019un Chef d\u2019Atelier exp\u00e9riment\u00e9, des compagnons et des apprentis travaillent quotidiennement en respectant les r\u00e8gles de l\u2019art. Vous souhaitez devenir apprenti ?\" \/>\n<meta property=\"og:url\" content=\"https:\/\/www.prodesign.fr\/index.php\/atelier\/\" \/>\n<meta property=\"og:site_name\" content=\"PRODESIGN\" \/>\n<meta property=\"article:publisher\" content=\"https:\/\/www.facebook.com\/prodesign.bois.savoirfaire\" \/>\n<meta property=\"article:modified_time\" content=\"2022-05-14T12:34:27+00:00\" \/>\n<meta property=\"og:image\" content=\"https:\/\/www.prodesign.fr\/wp-content\/uploads\/2022\/03\/cropped-cropped-cropped-RAW_25-fevrier-2022-1004-scaled-1.jpg\" \/>\n\t<meta property=\"og:image:width\" content=\"1287\" \/>\n\t<meta property=\"og:image:height\" content=\"1287\" \/>\n\t<meta property=\"og:image:type\" content=\"image\/jpeg\" \/>\n<meta name=\"twitter:card\" content=\"summary_large_image\" \/>\n<meta name=\"twitter:title\" content=\"Un atelier de production au service de l\u2019excellence du savoir-faire fran\u00e7ais.\" \/>\n<meta name=\"twitter:description\" content=\"Au c\u0153ur de l\u2019\u00cele-de-France, notre atelier est au centre de notre entreprise. Sous la direction d\u2019un Chef d\u2019Atelier exp\u00e9riment\u00e9, des compagnons et des apprentis travaillent quotidiennement en respectant les r\u00e8gles de l\u2019art. Vous souhaitez devenir apprenti ?\" \/>\n<meta name=\"twitter:image\" content=\"https:\/\/www.prodesign.fr\/wp-content\/uploads\/2022\/03\/cropped-cropped-cropped-RAW_25-fevrier-2022-1004-scaled-1.jpg\" \/>\n<meta name=\"twitter:label1\" content=\"Dur\u00e9e de lecture estim\u00e9e\" \/>\n\t<meta name=\"twitter:data1\" content=\"3 minutes\" \/>\n<script type=\"application\/ld+json\" class=\"yoast-schema-graph\">{\"@context\":\"https:\/\/schema.org\",\"@graph\":[{\"@type\":\"WebPage\",\"@id\":\"https:\/\/www.prodesign.fr\/index.php\/atelier\/\",\"url\":\"https:\/\/www.prodesign.fr\/index.php\/atelier\/\",\"name\":\"Atelier - PRODESIGN\",\"isPartOf\":{\"@id\":\"https:\/\/www.prodesign.fr\/#website\"},\"datePublished\":\"2022-03-07T07:52:31+00:00\",\"dateModified\":\"2022-05-14T12:34:27+00:00\",\"description\":\"Au c\u0153ur de l\u2019\u00cele-de-France, notre atelier production au service de l\u2019excellence du savoir-faire fran\u00e7ais. Vous souhaitez devenir apprenti ?\",\"breadcrumb\":{\"@id\":\"https:\/\/www.prodesign.fr\/index.php\/atelier\/#breadcrumb\"},\"inLanguage\":\"fr-FR\",\"potentialAction\":[{\"@type\":\"ReadAction\",\"target\":[\"https:\/\/www.prodesign.fr\/index.php\/atelier\/\"]}]},{\"@type\":\"BreadcrumbList\",\"@id\":\"https:\/\/www.prodesign.fr\/index.php\/atelier\/#breadcrumb\",\"itemListElement\":[{\"@type\":\"ListItem\",\"position\":1,\"name\":\"Accueil\",\"item\":\"https:\/\/www.prodesign.fr\/\"},{\"@type\":\"ListItem\",\"position\":2,\"name\":\"Atelier\"}]},{\"@type\":\"WebSite\",\"@id\":\"https:\/\/www.prodesign.fr\/#website\",\"url\":\"https:\/\/www.prodesign.fr\/\",\"name\":\"PRODESIGN\",\"description\":\"La r\u00e9f\u00e9rence qualit\u00e9\",\"publisher\":{\"@id\":\"https:\/\/www.prodesign.fr\/#organization\"},\"potentialAction\":[{\"@type\":\"SearchAction\",\"target\":{\"@type\":\"EntryPoint\",\"urlTemplate\":\"https:\/\/www.prodesign.fr\/?s={search_term_string}\"},\"query-input\":\"required name=search_term_string\"}],\"inLanguage\":\"fr-FR\"},{\"@type\":\"Organization\",\"@id\":\"https:\/\/www.prodesign.fr\/#organization\",\"name\":\"PRODESIGN\",\"url\":\"https:\/\/www.prodesign.fr\/\",\"logo\":{\"@type\":\"ImageObject\",\"inLanguage\":\"fr-FR\",\"@id\":\"https:\/\/www.prodesign.fr\/#\/schema\/logo\/image\/\",\"url\":\"https:\/\/www.prodesign.fr\/wp-content\/uploads\/2022\/03\/cropped-PRODESIGN_Logo_512x512_sansfond-1-1-1.png\",\"contentUrl\":\"https:\/\/www.prodesign.fr\/wp-content\/uploads\/2022\/03\/cropped-PRODESIGN_Logo_512x512_sansfond-1-1-1.png\",\"width\":512,\"height\":238,\"caption\":\"PRODESIGN\"},\"image\":{\"@id\":\"https:\/\/www.prodesign.fr\/#\/schema\/logo\/image\/\"},\"sameAs\":[\"https:\/\/www.facebook.com\/prodesign.bois.savoirfaire\",\"https:\/\/www.instagram.com\/prodesign_menuiserie\/\",\"https:\/\/www.linkedin.com\/company\/prodesign-la-r\u00e9f\u00e9rence-qualit\u00e9\/\",\"https:\/\/www.youtube.com\/channel\/UCCLkDFHWBExszCDNTxbmtGw\"]}]}<\/script>\n<!-- \/ Yoast SEO plugin. -->","yoast_head_json":{"title":"Atelier - PRODESIGN","description":"Au c\u0153ur de l\u2019\u00cele-de-France, notre atelier production au service de l\u2019excellence du savoir-faire fran\u00e7ais. Vous souhaitez devenir apprenti ?","robots":{"index":"index","follow":"follow","max-snippet":"max-snippet:-1","max-image-preview":"max-image-preview:large","max-video-preview":"max-video-preview:-1"},"canonical":"https:\/\/www.prodesign.fr\/index.php\/atelier\/","og_locale":"fr_FR","og_type":"article","og_title":"Un atelier de production au service de l\u2019excellence du savoir-faire fran\u00e7ais.","og_description":"Au c\u0153ur de l\u2019\u00cele-de-France, notre atelier est au centre de notre entreprise. Sous la direction d\u2019un Chef d\u2019Atelier exp\u00e9riment\u00e9, des compagnons et des apprentis travaillent quotidiennement en respectant les r\u00e8gles de l\u2019art. Vous souhaitez devenir apprenti ?","og_url":"https:\/\/www.prodesign.fr\/index.php\/atelier\/","og_site_name":"PRODESIGN","article_publisher":"https:\/\/www.facebook.com\/prodesign.bois.savoirfaire","article_modified_time":"2022-05-14T12:34:27+00:00","og_image":[{"width":1287,"height":1287,"url":"https:\/\/www.prodesign.fr\/wp-content\/uploads\/2022\/03\/cropped-cropped-cropped-RAW_25-fevrier-2022-1004-scaled-1.jpg","type":"image\/jpeg"}],"twitter_card":"summary_large_image","twitter_title":"Un atelier de production au service de l\u2019excellence du savoir-faire fran\u00e7ais.","twitter_description":"Au c\u0153ur de l\u2019\u00cele-de-France, notre atelier est au centre de notre entreprise. Sous la direction d\u2019un Chef d\u2019Atelier exp\u00e9riment\u00e9, des compagnons et des apprentis travaillent quotidiennement en respectant les r\u00e8gles de l\u2019art. Vous souhaitez devenir apprenti ?","twitter_image":"https:\/\/www.prodesign.fr\/wp-content\/uploads\/2022\/03\/cropped-cropped-cropped-RAW_25-fevrier-2022-1004-scaled-1.jpg","twitter_misc":{"Dur\u00e9e de lecture estim\u00e9e":"3 minutes"},"schema":{"@context":"https:\/\/schema.org","@graph":[{"@type":"WebPage","@id":"https:\/\/www.prodesign.fr\/index.php\/atelier\/","url":"https:\/\/www.prodesign.fr\/index.php\/atelier\/","name":"Atelier - PRODESIGN","isPartOf":{"@id":"https:\/\/www.prodesign.fr\/#website"},"datePublished":"2022-03-07T07:52:31+00:00","dateModified":"2022-05-14T12:34:27+00:00","description":"Au c\u0153ur de l\u2019\u00cele-de-France, notre atelier production au service de l\u2019excellence du savoir-faire fran\u00e7ais. Vous souhaitez devenir apprenti ?","breadcrumb":{"@id":"https:\/\/www.prodesign.fr\/index.php\/atelier\/#breadcrumb"},"inLanguage":"fr-FR","potentialAction":[{"@type":"ReadAction","target":["https:\/\/www.prodesign.fr\/index.php\/atelier\/"]}]},{"@type":"BreadcrumbList","@id":"https:\/\/www.prodesign.fr\/index.php\/atelier\/#breadcrumb","itemListElement":[{"@type":"ListItem","position":1,"name":"Accueil","item":"https:\/\/www.prodesign.fr\/"},{"@type":"ListItem","position":2,"name":"Atelier"}]},{"@type":"WebSite","@id":"https:\/\/www.prodesign.fr\/#website","url":"https:\/\/www.prodesign.fr\/","name":"PRODESIGN","description":"La r\u00e9f\u00e9rence qualit\u00e9","publisher":{"@id":"https:\/\/www.prodesign.fr\/#organization"},"potentialAction":[{"@type":"SearchAction","target":{"@type":"EntryPoint","urlTemplate":"https:\/\/www.prodesign.fr\/?s={search_term_string}"},"query-input":"required name=search_term_string"}],"inLanguage":"fr-FR"},{"@type":"Organization","@id":"https:\/\/www.prodesign.fr\/#organization","name":"PRODESIGN","url":"https:\/\/www.prodesign.fr\/","logo":{"@type":"ImageObject","inLanguage":"fr-FR","@id":"https:\/\/www.prodesign.fr\/#\/schema\/logo\/image\/","url":"https:\/\/www.prodesign.fr\/wp-content\/uploads\/2022\/03\/cropped-PRODESIGN_Logo_512x512_sansfond-1-1-1.png","contentUrl":"https:\/\/www.prodesign.fr\/wp-content\/uploads\/2022\/03\/cropped-PRODESIGN_Logo_512x512_sansfond-1-1-1.png","width":512,"height":238,"caption":"PRODESIGN"},"image":{"@id":"https:\/\/www.prodesign.fr\/#\/schema\/logo\/image\/"},"sameAs":["https:\/\/www.facebook.com\/prodesign.bois.savoirfaire","https:\/\/www.instagram.com\/prodesign_menuiserie\/","https:\/\/www.linkedin.com\/company\/prodesign-la-r\u00e9f\u00e9rence-qualit\u00e9\/","https:\/\/www.youtube.com\/channel\/UCCLkDFHWBExszCDNTxbmtGw"]}]}},"_links":{"self":[{"href":"https:\/\/www.prodesign.fr\/index.php\/wp-json\/wp\/v2\/pages\/57"}],"collection":[{"href":"https:\/\/www.prodesign.fr\/index.php\/wp-json\/wp\/v2\/pages"}],"about":[{"href":"https:\/\/www.prodesign.fr\/index.php\/wp-json\/wp\/v2\/types\/page"}],"author":[{"embeddable":true,"href":"https:\/\/www.prodesign.fr\/index.php\/wp-json\/wp\/v2\/users\/1"}],"replies":[{"embeddable":true,"href":"https:\/\/www.prodesign.fr\/index.php\/wp-json\/wp\/v2\/comments?post=57"}],"version-history":[{"count":13,"href":"https:\/\/www.prodesign.fr\/index.php\/wp-json\/wp\/v2\/pages\/57\/revisions"}],"predecessor-version":[{"id":2123,"href":"https:\/\/www.prodesign.fr\/index.php\/wp-json\/wp\/v2\/pages\/57\/revisions\/2123"}],"wp:featuredmedia":[{"embeddable":true,"href":"https:\/\/www.prodesign.fr\/index.php\/wp-json\/wp\/v2\/media\/1876"}],"wp:attachment":[{"href":"https:\/\/www.prodesign.fr\/index.php\/wp-json\/wp\/v2\/media?parent=57"}],"curies":[{"name":"wp","href":"https:\/\/api.w.org\/{rel}","templated":true}]}}